{"id":28837,"date":"2024-11-17T08:10:00","date_gmt":"2024-11-17T08:10:00","guid":{"rendered":"https:\/\/segwood.com.au\/?post_type=product&#038;p=28837"},"modified":"2025-09-23T02:28:28","modified_gmt":"2025-09-23T02:28:28","slug":"omma","status":"publish","type":"product","link":"https:\/\/segwood.com.au\/?product=omma","title":{"rendered":"Omma"},"content":{"rendered":"<div class=\"n-product-details bor\">\n<p>Omma is truly an inventive piece of lighting, combining wood veneer with a metal structure to create three-dimensional leaves of light.<\/p>\n<p>The Omma suspension lamp is available with two leaves, three leaves, and double-two leaves. In Eli Gutierrez\u2019s striking design, each individual leaf rotates up to 180\u00ba, allowing the user to create a range of lighting moods.<\/p>\n<p>The Omma suspension lamp is available in three wood veneers: Natural Cherry, Natural Beech, and Natural White. It&#8217;s metal finishes are Matt Black, Matt Ivory, and Gold.<\/p>\n<\/div>\n","protected":false},"excerpt":{"rendered":"<h3>About the Brand<\/h3>\n<p>At LZF, we create lighting with a timeless appeal. Every one of our handmade wood veneer lamps is manufactured at home in Valencia, Spain. It has been this way since the very beginning.<\/p>\n<p>It takes numerous hands to make a lamp: without them, we could not create, innovate, or learn. Our lamps are made with the collaboration of many people: artisans, artists, architects, designers, film-makers, lighting specialists, illustrators, photographers, and writers.\u00a0Our beautiful handmade wood veneer lamps are crafted with a combination of traditional knowledge, expert craftsmanship, technological skill, and thorough research.<\/p>\n<p>At LZF, we delight in every aspect of lighting. We appreciate details, shapes, colours, and rhythms. We find beauty in imperfection. We enjoy all that surrounds us and relish the exquisite transformation that light produces in wood.<\/p>\n<p>We build wood lamps in the same way that a couturier makes clothes, a jeweller fashions jewellery, and a potter throw pots: with undeniable verve and grace.\u00a0We strive to make lamps that are built to last and do not believe in obsolescence, or the latest fads.<\/p>\n<p>Our original lamps are made with a respect for wood, using FSC certified natural wood veneer. We treat our veneers with Timberlite\u00ae, a patented process that ensures the veneer is exceptionally pliable, and resistant to wear and tear (without the need for chemicals).<\/p>\n<p>It is now more than twenty-five years since the inception of LZF as a lighting brand. Today, we are a business that thrives on time-honoured craft and manufacturing techniques, complemented by modern innovation and technology. We are thrilled to work with an eclectic roster of accomplished designers and diligent craftspeople. As a collective result, LZF has received more than forty-five national and international awards, most notably Spain\u2019s Premios Nacionales de Innovaci\u00f3n y de Dise\u00f1o 2020 (the National Innovation and Design Award 2020) and the Premio Nacional de Artesan\u00eda in 2011 (the Spanish National Craftsmanship Award).<\/p>\n","protected":false},"featured_media":28850,"template":"","meta":{"_et_pb_use_builder":"off","_et_pb_old_content":"","_et_gb_content_width":""},"product_brand":[],"product_cat":[30,31],"product_tag":[],"class_list":{"0":"post-28837","1":"product","2":"type-product","3":"status-publish","4":"has-post-thumbnail","6":"product_cat-lighting","7":"product_cat-pendant","9":"first","10":"instock","11":"shipping-taxable","12":"product-type-simple"},"yoast_head":"<!-- This site is optimized with the Yoast SEO plugin v27.5 - https:\/\/yoast.com\/product\/yoast-seo-wordpress\/ -->\n<title>Omma - Segwood Galleries<\/title>\n<meta name=\"robots\" content=\"index, follow, max-snippet:-1, max-image-preview:large, max-video-preview:-1\" \/>\n<link rel=\"canonical\" href=\"https:\/\/segwood.com.au\/?product=omma\" \/>\n<meta property=\"og:locale\" content=\"en_US\" \/>\n<meta property=\"og:type\" content=\"article\" \/>\n<meta property=\"og:title\" content=\"Omma - Segwood Galleries\" \/>\n<meta property=\"og:description\" content=\"About the Brand At LZF, we create lighting with a timeless appeal. Every one of our handmade wood veneer lamps is manufactured at home in Valencia, Spain. It has been this way since the very beginning.  It takes numerous hands to make a lamp: without them, we could not create, innovate, or learn. Our lamps are made with the collaboration of many people: artisans, artists, architects, designers, film-makers, lighting specialists, illustrators, photographers, and writers.\u00a0Our beautiful handmade wood veneer lamps are crafted with a combination of traditional knowledge, expert craftsmanship, technological skill, and thorough research.  At LZF, we delight in every aspect of lighting. We appreciate details, shapes, colours, and rhythms. We find beauty in imperfection. We enjoy all that surrounds us and relish the exquisite transformation that light produces in wood.  We build wood lamps in the same way that a couturier makes clothes, a jeweller fashions jewellery, and a potter throw pots: with undeniable verve and grace.\u00a0We strive to make lamps that are built to last and do not believe in obsolescence, or the latest fads.  Our original lamps are made with a respect for wood, using FSC certified natural wood veneer. We treat our veneers with Timberlite\u00ae, a patented process that ensures the veneer is exceptionally pliable, and resistant to wear and tear (without the need for chemicals).  It is now more than twenty-five years since the inception of LZF as a lighting brand. Today, we are a business that thrives on time-honoured craft and manufacturing techniques, complemented by modern innovation and technology. We are thrilled to work with an eclectic roster of accomplished designers and diligent craftspeople. As a collective result, LZF has received more than forty-five national and international awards, most notably Spain\u2019s Premios Nacionales de Innovaci\u00f3n y de Dise\u00f1o 2020 (the National Innovation and Design Award 2020) and the Premio Nacional de Artesan\u00eda in 2011 (the Spanish National Craftsmanship Award).\" \/>\n<meta property=\"og:url\" content=\"https:\/\/segwood.com.au\/?product=omma\" \/>\n<meta property=\"og:site_name\" content=\"Segwood Galleries\" \/>\n<meta property=\"article:publisher\" content=\"https:\/\/www.facebook.com\/profile.php?id=61576844783187\" \/>\n<meta property=\"article:modified_time\" content=\"2025-09-23T02:28:28+00:00\" \/>\n<meta property=\"og:image\" content=\"https:\/\/segwood.com.au\/wp-content\/uploads\/2024\/11\/LZF-OM-S120-BK-21-OFF-e1731831306265.webp\" \/>\n\t<meta property=\"og:image:width\" content=\"2000\" \/>\n\t<meta property=\"og:image:height\" content=\"2000\" \/>\n\t<meta property=\"og:image:type\" content=\"image\/webp\" \/>\n<meta name=\"twitter:card\" content=\"summary_large_image\" \/>\n<meta name=\"twitter:label1\" content=\"Est. reading time\" \/>\n\t<meta name=\"twitter:data1\" content=\"1 minute\" \/>\n<script type=\"application\/ld+json\" class=\"yoast-schema-graph\">{\"@context\":\"https:\\\/\\\/schema.org\",\"@graph\":[{\"@type\":\"WebPage\",\"@id\":\"https:\\\/\\\/segwood.com.au\\\/?product=omma\",\"url\":\"https:\\\/\\\/segwood.com.au\\\/?product=omma\",\"name\":\"Omma - Segwood Galleries\",\"isPartOf\":{\"@id\":\"https:\\\/\\\/segwood.com.au\\\/#website\"},\"primaryImageOfPage\":{\"@id\":\"https:\\\/\\\/segwood.com.au\\\/?product=omma#primaryimage\"},\"image\":{\"@id\":\"https:\\\/\\\/segwood.com.au\\\/?product=omma#primaryimage\"},\"thumbnailUrl\":\"https:\\\/\\\/segwood.com.au\\\/wp-content\\\/uploads\\\/2024\\\/11\\\/LZF-OM-S120-BK-21-OFF-e1731831306265.webp\",\"datePublished\":\"2024-11-17T08:10:00+00:00\",\"dateModified\":\"2025-09-23T02:28:28+00:00\",\"breadcrumb\":{\"@id\":\"https:\\\/\\\/segwood.com.au\\\/?product=omma#breadcrumb\"},\"inLanguage\":\"en-US\",\"potentialAction\":[{\"@type\":\"ReadAction\",\"target\":[\"https:\\\/\\\/segwood.com.au\\\/?product=omma\"]}]},{\"@type\":\"ImageObject\",\"inLanguage\":\"en-US\",\"@id\":\"https:\\\/\\\/segwood.com.au\\\/?product=omma#primaryimage\",\"url\":\"https:\\\/\\\/segwood.com.au\\\/wp-content\\\/uploads\\\/2024\\\/11\\\/LZF-OM-S120-BK-21-OFF-e1731831306265.webp\",\"contentUrl\":\"https:\\\/\\\/segwood.com.au\\\/wp-content\\\/uploads\\\/2024\\\/11\\\/LZF-OM-S120-BK-21-OFF-e1731831306265.webp\",\"width\":2000,\"height\":2000},{\"@type\":\"BreadcrumbList\",\"@id\":\"https:\\\/\\\/segwood.com.au\\\/?product=omma#breadcrumb\",\"itemListElement\":[{\"@type\":\"ListItem\",\"position\":1,\"name\":\"Home\",\"item\":\"https:\\\/\\\/segwood.com.au\\\/\"},{\"@type\":\"ListItem\",\"position\":2,\"name\":\"Shop\",\"item\":\"https:\\\/\\\/segwood.com.au\\\/?page_id=15\"},{\"@type\":\"ListItem\",\"position\":3,\"name\":\"Products\",\"item\":\"https:\\\/\\\/segwood.com.au\\\/?product_cat=products\"},{\"@type\":\"ListItem\",\"position\":4,\"name\":\"Lighting\",\"item\":\"https:\\\/\\\/segwood.com.au\\\/?product_cat=lighting\"},{\"@type\":\"ListItem\",\"position\":5,\"name\":\"Omma\"}]},{\"@type\":\"WebSite\",\"@id\":\"https:\\\/\\\/segwood.com.au\\\/#website\",\"url\":\"https:\\\/\\\/segwood.com.au\\\/\",\"name\":\"Segwood Galleries\",\"description\":\"\",\"publisher\":{\"@id\":\"https:\\\/\\\/segwood.com.au\\\/#organization\"},\"potentialAction\":[{\"@type\":\"SearchAction\",\"target\":{\"@type\":\"EntryPoint\",\"urlTemplate\":\"https:\\\/\\\/segwood.com.au\\\/?s={search_term_string}\"},\"query-input\":{\"@type\":\"PropertyValueSpecification\",\"valueRequired\":true,\"valueName\":\"search_term_string\"}}],\"inLanguage\":\"en-US\"},{\"@type\":\"Organization\",\"@id\":\"https:\\\/\\\/segwood.com.au\\\/#organization\",\"name\":\"Segwood Galleries\",\"url\":\"https:\\\/\\\/segwood.com.au\\\/\",\"logo\":{\"@type\":\"ImageObject\",\"inLanguage\":\"en-US\",\"@id\":\"https:\\\/\\\/segwood.com.au\\\/#\\\/schema\\\/logo\\\/image\\\/\",\"url\":\"https:\\\/\\\/segwood.com.au\\\/wp-content\\\/uploads\\\/2025\\\/06\\\/Segwood-Logo-FIN-SQR-SML-Copy.jpg\",\"contentUrl\":\"https:\\\/\\\/segwood.com.au\\\/wp-content\\\/uploads\\\/2025\\\/06\\\/Segwood-Logo-FIN-SQR-SML-Copy.jpg\",\"width\":565,\"height\":565,\"caption\":\"Segwood Galleries\"},\"image\":{\"@id\":\"https:\\\/\\\/segwood.com.au\\\/#\\\/schema\\\/logo\\\/image\\\/\"},\"sameAs\":[\"https:\\\/\\\/www.facebook.com\\\/profile.php?id=61576844783187\",\"https:\\\/\\\/www.instagram.com\\\/segwood_galleries_adl\\\/\"]}]}<\/script>\n<!-- \/ Yoast SEO plugin. -->","yoast_head_json":{"title":"Omma - Segwood Galleries","robots":{"index":"index","follow":"follow","max-snippet":"max-snippet:-1","max-image-preview":"max-image-preview:large","max-video-preview":"max-video-preview:-1"},"canonical":"https:\/\/segwood.com.au\/?product=omma","og_locale":"en_US","og_type":"article","og_title":"Omma - Segwood Galleries","og_description":"About the Brand At LZF, we create lighting with a timeless appeal. Every one of our handmade wood veneer lamps is manufactured at home in Valencia, Spain. It has been this way since the very beginning.  It takes numerous hands to make a lamp: without them, we could not create, innovate, or learn. Our lamps are made with the collaboration of many people: artisans, artists, architects, designers, film-makers, lighting specialists, illustrators, photographers, and writers.\u00a0Our beautiful handmade wood veneer lamps are crafted with a combination of traditional knowledge, expert craftsmanship, technological skill, and thorough research.  At LZF, we delight in every aspect of lighting. We appreciate details, shapes, colours, and rhythms. We find beauty in imperfection. We enjoy all that surrounds us and relish the exquisite transformation that light produces in wood.  We build wood lamps in the same way that a couturier makes clothes, a jeweller fashions jewellery, and a potter throw pots: with undeniable verve and grace.\u00a0We strive to make lamps that are built to last and do not believe in obsolescence, or the latest fads.  Our original lamps are made with a respect for wood, using FSC certified natural wood veneer. We treat our veneers with Timberlite\u00ae, a patented process that ensures the veneer is exceptionally pliable, and resistant to wear and tear (without the need for chemicals).  It is now more than twenty-five years since the inception of LZF as a lighting brand. Today, we are a business that thrives on time-honoured craft and manufacturing techniques, complemented by modern innovation and technology. We are thrilled to work with an eclectic roster of accomplished designers and diligent craftspeople. As a collective result, LZF has received more than forty-five national and international awards, most notably Spain\u2019s Premios Nacionales de Innovaci\u00f3n y de Dise\u00f1o 2020 (the National Innovation and Design Award 2020) and the Premio Nacional de Artesan\u00eda in 2011 (the Spanish National Craftsmanship Award).","og_url":"https:\/\/segwood.com.au\/?product=omma","og_site_name":"Segwood Galleries","article_publisher":"https:\/\/www.facebook.com\/profile.php?id=61576844783187","article_modified_time":"2025-09-23T02:28:28+00:00","og_image":[{"width":2000,"height":2000,"url":"https:\/\/segwood.com.au\/wp-content\/uploads\/2024\/11\/LZF-OM-S120-BK-21-OFF-e1731831306265.webp","type":"image\/webp"}],"twitter_card":"summary_large_image","twitter_misc":{"Est. reading time":"1 minute"},"schema":{"@context":"https:\/\/schema.org","@graph":[{"@type":"WebPage","@id":"https:\/\/segwood.com.au\/?product=omma","url":"https:\/\/segwood.com.au\/?product=omma","name":"Omma - Segwood Galleries","isPartOf":{"@id":"https:\/\/segwood.com.au\/#website"},"primaryImageOfPage":{"@id":"https:\/\/segwood.com.au\/?product=omma#primaryimage"},"image":{"@id":"https:\/\/segwood.com.au\/?product=omma#primaryimage"},"thumbnailUrl":"https:\/\/segwood.com.au\/wp-content\/uploads\/2024\/11\/LZF-OM-S120-BK-21-OFF-e1731831306265.webp","datePublished":"2024-11-17T08:10:00+00:00","dateModified":"2025-09-23T02:28:28+00:00","breadcrumb":{"@id":"https:\/\/segwood.com.au\/?product=omma#breadcrumb"},"inLanguage":"en-US","potentialAction":[{"@type":"ReadAction","target":["https:\/\/segwood.com.au\/?product=omma"]}]},{"@type":"ImageObject","inLanguage":"en-US","@id":"https:\/\/segwood.com.au\/?product=omma#primaryimage","url":"https:\/\/segwood.com.au\/wp-content\/uploads\/2024\/11\/LZF-OM-S120-BK-21-OFF-e1731831306265.webp","contentUrl":"https:\/\/segwood.com.au\/wp-content\/uploads\/2024\/11\/LZF-OM-S120-BK-21-OFF-e1731831306265.webp","width":2000,"height":2000},{"@type":"BreadcrumbList","@id":"https:\/\/segwood.com.au\/?product=omma#breadcrumb","itemListElement":[{"@type":"ListItem","position":1,"name":"Home","item":"https:\/\/segwood.com.au\/"},{"@type":"ListItem","position":2,"name":"Shop","item":"https:\/\/segwood.com.au\/?page_id=15"},{"@type":"ListItem","position":3,"name":"Products","item":"https:\/\/segwood.com.au\/?product_cat=products"},{"@type":"ListItem","position":4,"name":"Lighting","item":"https:\/\/segwood.com.au\/?product_cat=lighting"},{"@type":"ListItem","position":5,"name":"Omma"}]},{"@type":"WebSite","@id":"https:\/\/segwood.com.au\/#website","url":"https:\/\/segwood.com.au\/","name":"Segwood Galleries","description":"","publisher":{"@id":"https:\/\/segwood.com.au\/#organization"},"potentialAction":[{"@type":"SearchAction","target":{"@type":"EntryPoint","urlTemplate":"https:\/\/segwood.com.au\/?s={search_term_string}"},"query-input":{"@type":"PropertyValueSpecification","valueRequired":true,"valueName":"search_term_string"}}],"inLanguage":"en-US"},{"@type":"Organization","@id":"https:\/\/segwood.com.au\/#organization","name":"Segwood Galleries","url":"https:\/\/segwood.com.au\/","logo":{"@type":"ImageObject","inLanguage":"en-US","@id":"https:\/\/segwood.com.au\/#\/schema\/logo\/image\/","url":"https:\/\/segwood.com.au\/wp-content\/uploads\/2025\/06\/Segwood-Logo-FIN-SQR-SML-Copy.jpg","contentUrl":"https:\/\/segwood.com.au\/wp-content\/uploads\/2025\/06\/Segwood-Logo-FIN-SQR-SML-Copy.jpg","width":565,"height":565,"caption":"Segwood Galleries"},"image":{"@id":"https:\/\/segwood.com.au\/#\/schema\/logo\/image\/"},"sameAs":["https:\/\/www.facebook.com\/profile.php?id=61576844783187","https:\/\/www.instagram.com\/segwood_galleries_adl\/"]}]}},"_links":{"self":[{"href":"https:\/\/segwood.com.au\/index.php?rest_route=\/wp\/v2\/product\/28837","targetHints":{"allow":["GET"]}}],"collection":[{"href":"https:\/\/segwood.com.au\/index.php?rest_route=\/wp\/v2\/product"}],"about":[{"href":"https:\/\/segwood.com.au\/index.php?rest_route=\/wp\/v2\/types\/product"}],"wp:featuredmedia":[{"embeddable":true,"href":"https:\/\/segwood.com.au\/index.php?rest_route=\/wp\/v2\/media\/28850"}],"wp:attachment":[{"href":"https:\/\/segwood.com.au\/index.php?rest_route=%2Fwp%2Fv2%2Fmedia&parent=28837"}],"wp:term":[{"taxonomy":"product_brand","embeddable":true,"href":"https:\/\/segwood.com.au\/index.php?rest_route=%2Fwp%2Fv2%2Fproduct_brand&post=28837"},{"taxonomy":"product_cat","embeddable":true,"href":"https:\/\/segwood.com.au\/index.php?rest_route=%2Fwp%2Fv2%2Fproduct_cat&post=28837"},{"taxonomy":"product_tag","embeddable":true,"href":"https:\/\/segwood.com.au\/index.php?rest_route=%2Fwp%2Fv2%2Fproduct_tag&post=28837"}],"curies":[{"name":"wp","href":"https:\/\/api.w.org\/{rel}","templated":true}]}}