{"id":28570,"date":"2024-11-16T11:49:18","date_gmt":"2024-11-16T11:49:18","guid":{"rendered":"https:\/\/segwood.com.au\/?post_type=product&#038;p=28570"},"modified":"2024-11-17T00:29:44","modified_gmt":"2024-11-17T00:29:44","slug":"black-note-triplet","status":"publish","type":"product","link":"https:\/\/segwood.com.au\/?product=black-note-triplet","title":{"rendered":"Black Note Triplet"},"content":{"rendered":"<p>Designed by Ram\u00f3n Esteve, Black Note Triplet is an architectural lamp whose perpendicular shades rise and fall in harmony. Black Note\u2019s rhythmic arrangement is inspired by a piano\u2019s black keys, their sharps and flats used to add a dramatic effect.<\/p>\n<p>The rhythmic arrangement of three upright wood veneer shades on the Black Note Keys Suspension lamp achieve a striking silhouette. Combining wood veneer and a trim metal structure, this contemporary lamp is both sharp and impressive.<\/p>\n","protected":false},"excerpt":{"rendered":"<h3>About the Brand<\/h3>\n<p>At LZF, we create lighting with a timeless appeal. Every one of our handmade wood veneer lamps is manufactured at home in Valencia, Spain. It has been this way since the very beginning.<\/p>\n<p>It takes numerous hands to make a lamp: without them, we could not create, innovate, or learn. Our lamps are made with the collaboration of many people: artisans, artists, architects, designers, film-makers, lighting specialists, illustrators, photographers, and writers.\u00a0Our beautiful handmade wood veneer lamps are crafted with a combination of traditional knowledge, expert craftsmanship, technological skill, and thorough research.<\/p>\n<p>At LZF, we delight in every aspect of lighting. We appreciate details, shapes, colours, and rhythms. We find beauty in imperfection. We enjoy all that surrounds us and relish the exquisite transformation that light produces in wood.<\/p>\n<p>We build wood lamps in the same way that a couturier makes clothes, a jeweller fashions jewellery, and a potter throw pots: with undeniable verve and grace.\u00a0We strive to make lamps that are built to last and do not believe in obsolescence, or the latest fads.<\/p>\n<p>Our original lamps are made with a respect for wood, using FSC certified natural wood veneer. We treat our veneers with Timberlite\u00ae, a patented process that ensures the veneer is exceptionally pliable, and resistant to wear and tear (without the need for chemicals).<\/p>\n<p>It is now more than twenty-five years since the inception of LZF as a lighting brand. Today, we are a business that thrives on time-honoured craft and manufacturing techniques, complemented by modern innovation and technology. We are thrilled to work with an eclectic roster of accomplished designers and diligent craftspeople. As a collective result, LZF has received more than forty-five national and international awards, most notably Spain\u2019s Premios Nacionales de Innovaci\u00f3n y de Dise\u00f1o 2020 (the National Innovation and Design Award 2020) and the Premio Nacional de Artesan\u00eda in 2011 (the Spanish National Craftsmanship Award).<\/p>\n","protected":false},"featured_media":28573,"template":"","meta":{"_et_pb_use_builder":"off","_et_pb_old_content":"","_et_gb_content_width":""},"product_brand":[],"product_cat":[30,31],"product_tag":[],"class_list":{"0":"post-28570","1":"product","2":"type-product","3":"status-publish","4":"has-post-thumbnail","6":"product_cat-lighting","7":"product_cat-pendant","9":"first","10":"instock","11":"shipping-taxable","12":"product-type-simple"},"yoast_head":"<!-- This site is optimized with the Yoast SEO plugin v27.3 - https:\/\/yoast.com\/product\/yoast-seo-wordpress\/ -->\n<title>Black Note Triplet - Segwood Galleries<\/title>\n<meta name=\"robots\" content=\"index, follow, max-snippet:-1, max-image-preview:large, max-video-preview:-1\" \/>\n<link rel=\"canonical\" href=\"https:\/\/segwood.com.au\/?product=black-note-triplet\" \/>\n<meta property=\"og:locale\" content=\"en_US\" \/>\n<meta property=\"og:type\" content=\"article\" \/>\n<meta property=\"og:title\" content=\"Black Note Triplet - Segwood Galleries\" \/>\n<meta property=\"og:description\" content=\"About the Brand At LZF, we create lighting with a timeless appeal. Every one of our handmade wood veneer lamps is manufactured at home in Valencia, Spain. It has been this way since the very beginning.  It takes numerous hands to make a lamp: without them, we could not create, innovate, or learn. Our lamps are made with the collaboration of many people: artisans, artists, architects, designers, film-makers, lighting specialists, illustrators, photographers, and writers.\u00a0Our beautiful handmade wood veneer lamps are crafted with a combination of traditional knowledge, expert craftsmanship, technological skill, and thorough research.  At LZF, we delight in every aspect of lighting. We appreciate details, shapes, colours, and rhythms. We find beauty in imperfection. We enjoy all that surrounds us and relish the exquisite transformation that light produces in wood.  We build wood lamps in the same way that a couturier makes clothes, a jeweller fashions jewellery, and a potter throw pots: with undeniable verve and grace.\u00a0We strive to make lamps that are built to last and do not believe in obsolescence, or the latest fads.  Our original lamps are made with a respect for wood, using FSC certified natural wood veneer. We treat our veneers with Timberlite\u00ae, a patented process that ensures the veneer is exceptionally pliable, and resistant to wear and tear (without the need for chemicals).  It is now more than twenty-five years since the inception of LZF as a lighting brand. Today, we are a business that thrives on time-honoured craft and manufacturing techniques, complemented by modern innovation and technology. We are thrilled to work with an eclectic roster of accomplished designers and diligent craftspeople. As a collective result, LZF has received more than forty-five national and international awards, most notably Spain\u2019s Premios Nacionales de Innovaci\u00f3n y de Dise\u00f1o 2020 (the National Innovation and Design Award 2020) and the Premio Nacional de Artesan\u00eda in 2011 (the Spanish National Craftsmanship Award).\" \/>\n<meta property=\"og:url\" content=\"https:\/\/segwood.com.au\/?product=black-note-triplet\" \/>\n<meta property=\"og:site_name\" content=\"Segwood Galleries\" \/>\n<meta property=\"article:publisher\" content=\"https:\/\/www.facebook.com\/profile.php?id=61576844783187\" \/>\n<meta property=\"article:modified_time\" content=\"2024-11-17T00:29:44+00:00\" \/>\n<meta property=\"og:image\" content=\"https:\/\/segwood.com.au\/wp-content\/uploads\/2024\/11\/LZF-BKNT-TR-S-BK-21-OFF-e1731758267397.webp\" \/>\n\t<meta property=\"og:image:width\" content=\"2000\" \/>\n\t<meta property=\"og:image:height\" content=\"2000\" \/>\n\t<meta property=\"og:image:type\" content=\"image\/webp\" \/>\n<meta name=\"twitter:card\" content=\"summary_large_image\" \/>\n<meta name=\"twitter:label1\" content=\"Est. reading time\" \/>\n\t<meta name=\"twitter:data1\" content=\"1 minute\" \/>\n<script type=\"application\/ld+json\" class=\"yoast-schema-graph\">{\"@context\":\"https:\\\/\\\/schema.org\",\"@graph\":[{\"@type\":\"WebPage\",\"@id\":\"https:\\\/\\\/segwood.com.au\\\/?product=black-note-triplet\",\"url\":\"https:\\\/\\\/segwood.com.au\\\/?product=black-note-triplet\",\"name\":\"Black Note Triplet - Segwood Galleries\",\"isPartOf\":{\"@id\":\"https:\\\/\\\/segwood.com.au\\\/#website\"},\"primaryImageOfPage\":{\"@id\":\"https:\\\/\\\/segwood.com.au\\\/?product=black-note-triplet#primaryimage\"},\"image\":{\"@id\":\"https:\\\/\\\/segwood.com.au\\\/?product=black-note-triplet#primaryimage\"},\"thumbnailUrl\":\"https:\\\/\\\/segwood.com.au\\\/wp-content\\\/uploads\\\/2024\\\/11\\\/LZF-BKNT-TR-S-BK-21-OFF-e1731758267397.webp\",\"datePublished\":\"2024-11-16T11:49:18+00:00\",\"dateModified\":\"2024-11-17T00:29:44+00:00\",\"breadcrumb\":{\"@id\":\"https:\\\/\\\/segwood.com.au\\\/?product=black-note-triplet#breadcrumb\"},\"inLanguage\":\"en-US\",\"potentialAction\":[{\"@type\":\"ReadAction\",\"target\":[\"https:\\\/\\\/segwood.com.au\\\/?product=black-note-triplet\"]}]},{\"@type\":\"ImageObject\",\"inLanguage\":\"en-US\",\"@id\":\"https:\\\/\\\/segwood.com.au\\\/?product=black-note-triplet#primaryimage\",\"url\":\"https:\\\/\\\/segwood.com.au\\\/wp-content\\\/uploads\\\/2024\\\/11\\\/LZF-BKNT-TR-S-BK-21-OFF-e1731758267397.webp\",\"contentUrl\":\"https:\\\/\\\/segwood.com.au\\\/wp-content\\\/uploads\\\/2024\\\/11\\\/LZF-BKNT-TR-S-BK-21-OFF-e1731758267397.webp\",\"width\":2000,\"height\":2000},{\"@type\":\"BreadcrumbList\",\"@id\":\"https:\\\/\\\/segwood.com.au\\\/?product=black-note-triplet#breadcrumb\",\"itemListElement\":[{\"@type\":\"ListItem\",\"position\":1,\"name\":\"Home\",\"item\":\"https:\\\/\\\/segwood.com.au\\\/\"},{\"@type\":\"ListItem\",\"position\":2,\"name\":\"Shop\",\"item\":\"https:\\\/\\\/segwood.com.au\\\/?page_id=15\"},{\"@type\":\"ListItem\",\"position\":3,\"name\":\"Products\",\"item\":\"https:\\\/\\\/segwood.com.au\\\/?product_cat=products\"},{\"@type\":\"ListItem\",\"position\":4,\"name\":\"Lighting\",\"item\":\"https:\\\/\\\/segwood.com.au\\\/?product_cat=lighting\"},{\"@type\":\"ListItem\",\"position\":5,\"name\":\"Black Note Triplet\"}]},{\"@type\":\"WebSite\",\"@id\":\"https:\\\/\\\/segwood.com.au\\\/#website\",\"url\":\"https:\\\/\\\/segwood.com.au\\\/\",\"name\":\"Segwood Galleries\",\"description\":\"\",\"publisher\":{\"@id\":\"https:\\\/\\\/segwood.com.au\\\/#organization\"},\"potentialAction\":[{\"@type\":\"SearchAction\",\"target\":{\"@type\":\"EntryPoint\",\"urlTemplate\":\"https:\\\/\\\/segwood.com.au\\\/?s={search_term_string}\"},\"query-input\":{\"@type\":\"PropertyValueSpecification\",\"valueRequired\":true,\"valueName\":\"search_term_string\"}}],\"inLanguage\":\"en-US\"},{\"@type\":\"Organization\",\"@id\":\"https:\\\/\\\/segwood.com.au\\\/#organization\",\"name\":\"Segwood Galleries\",\"url\":\"https:\\\/\\\/segwood.com.au\\\/\",\"logo\":{\"@type\":\"ImageObject\",\"inLanguage\":\"en-US\",\"@id\":\"https:\\\/\\\/segwood.com.au\\\/#\\\/schema\\\/logo\\\/image\\\/\",\"url\":\"https:\\\/\\\/segwood.com.au\\\/wp-content\\\/uploads\\\/2025\\\/06\\\/Segwood-Logo-FIN-SQR-SML-Copy.jpg\",\"contentUrl\":\"https:\\\/\\\/segwood.com.au\\\/wp-content\\\/uploads\\\/2025\\\/06\\\/Segwood-Logo-FIN-SQR-SML-Copy.jpg\",\"width\":565,\"height\":565,\"caption\":\"Segwood Galleries\"},\"image\":{\"@id\":\"https:\\\/\\\/segwood.com.au\\\/#\\\/schema\\\/logo\\\/image\\\/\"},\"sameAs\":[\"https:\\\/\\\/www.facebook.com\\\/profile.php?id=61576844783187\",\"https:\\\/\\\/www.instagram.com\\\/segwood_galleries_adl\\\/\"]}]}<\/script>\n<!-- \/ Yoast SEO plugin. -->","yoast_head_json":{"title":"Black Note Triplet - Segwood Galleries","robots":{"index":"index","follow":"follow","max-snippet":"max-snippet:-1","max-image-preview":"max-image-preview:large","max-video-preview":"max-video-preview:-1"},"canonical":"https:\/\/segwood.com.au\/?product=black-note-triplet","og_locale":"en_US","og_type":"article","og_title":"Black Note Triplet - Segwood Galleries","og_description":"About the Brand At LZF, we create lighting with a timeless appeal. Every one of our handmade wood veneer lamps is manufactured at home in Valencia, Spain. It has been this way since the very beginning.  It takes numerous hands to make a lamp: without them, we could not create, innovate, or learn. Our lamps are made with the collaboration of many people: artisans, artists, architects, designers, film-makers, lighting specialists, illustrators, photographers, and writers.\u00a0Our beautiful handmade wood veneer lamps are crafted with a combination of traditional knowledge, expert craftsmanship, technological skill, and thorough research.  At LZF, we delight in every aspect of lighting. We appreciate details, shapes, colours, and rhythms. We find beauty in imperfection. We enjoy all that surrounds us and relish the exquisite transformation that light produces in wood.  We build wood lamps in the same way that a couturier makes clothes, a jeweller fashions jewellery, and a potter throw pots: with undeniable verve and grace.\u00a0We strive to make lamps that are built to last and do not believe in obsolescence, or the latest fads.  Our original lamps are made with a respect for wood, using FSC certified natural wood veneer. We treat our veneers with Timberlite\u00ae, a patented process that ensures the veneer is exceptionally pliable, and resistant to wear and tear (without the need for chemicals).  It is now more than twenty-five years since the inception of LZF as a lighting brand. Today, we are a business that thrives on time-honoured craft and manufacturing techniques, complemented by modern innovation and technology. We are thrilled to work with an eclectic roster of accomplished designers and diligent craftspeople. As a collective result, LZF has received more than forty-five national and international awards, most notably Spain\u2019s Premios Nacionales de Innovaci\u00f3n y de Dise\u00f1o 2020 (the National Innovation and Design Award 2020) and the Premio Nacional de Artesan\u00eda in 2011 (the Spanish National Craftsmanship Award).","og_url":"https:\/\/segwood.com.au\/?product=black-note-triplet","og_site_name":"Segwood Galleries","article_publisher":"https:\/\/www.facebook.com\/profile.php?id=61576844783187","article_modified_time":"2024-11-17T00:29:44+00:00","og_image":[{"width":2000,"height":2000,"url":"https:\/\/segwood.com.au\/wp-content\/uploads\/2024\/11\/LZF-BKNT-TR-S-BK-21-OFF-e1731758267397.webp","type":"image\/webp"}],"twitter_card":"summary_large_image","twitter_misc":{"Est. reading time":"1 minute"},"schema":{"@context":"https:\/\/schema.org","@graph":[{"@type":"WebPage","@id":"https:\/\/segwood.com.au\/?product=black-note-triplet","url":"https:\/\/segwood.com.au\/?product=black-note-triplet","name":"Black Note Triplet - Segwood Galleries","isPartOf":{"@id":"https:\/\/segwood.com.au\/#website"},"primaryImageOfPage":{"@id":"https:\/\/segwood.com.au\/?product=black-note-triplet#primaryimage"},"image":{"@id":"https:\/\/segwood.com.au\/?product=black-note-triplet#primaryimage"},"thumbnailUrl":"https:\/\/segwood.com.au\/wp-content\/uploads\/2024\/11\/LZF-BKNT-TR-S-BK-21-OFF-e1731758267397.webp","datePublished":"2024-11-16T11:49:18+00:00","dateModified":"2024-11-17T00:29:44+00:00","breadcrumb":{"@id":"https:\/\/segwood.com.au\/?product=black-note-triplet#breadcrumb"},"inLanguage":"en-US","potentialAction":[{"@type":"ReadAction","target":["https:\/\/segwood.com.au\/?product=black-note-triplet"]}]},{"@type":"ImageObject","inLanguage":"en-US","@id":"https:\/\/segwood.com.au\/?product=black-note-triplet#primaryimage","url":"https:\/\/segwood.com.au\/wp-content\/uploads\/2024\/11\/LZF-BKNT-TR-S-BK-21-OFF-e1731758267397.webp","contentUrl":"https:\/\/segwood.com.au\/wp-content\/uploads\/2024\/11\/LZF-BKNT-TR-S-BK-21-OFF-e1731758267397.webp","width":2000,"height":2000},{"@type":"BreadcrumbList","@id":"https:\/\/segwood.com.au\/?product=black-note-triplet#breadcrumb","itemListElement":[{"@type":"ListItem","position":1,"name":"Home","item":"https:\/\/segwood.com.au\/"},{"@type":"ListItem","position":2,"name":"Shop","item":"https:\/\/segwood.com.au\/?page_id=15"},{"@type":"ListItem","position":3,"name":"Products","item":"https:\/\/segwood.com.au\/?product_cat=products"},{"@type":"ListItem","position":4,"name":"Lighting","item":"https:\/\/segwood.com.au\/?product_cat=lighting"},{"@type":"ListItem","position":5,"name":"Black Note Triplet"}]},{"@type":"WebSite","@id":"https:\/\/segwood.com.au\/#website","url":"https:\/\/segwood.com.au\/","name":"Segwood Galleries","description":"","publisher":{"@id":"https:\/\/segwood.com.au\/#organization"},"potentialAction":[{"@type":"SearchAction","target":{"@type":"EntryPoint","urlTemplate":"https:\/\/segwood.com.au\/?s={search_term_string}"},"query-input":{"@type":"PropertyValueSpecification","valueRequired":true,"valueName":"search_term_string"}}],"inLanguage":"en-US"},{"@type":"Organization","@id":"https:\/\/segwood.com.au\/#organization","name":"Segwood Galleries","url":"https:\/\/segwood.com.au\/","logo":{"@type":"ImageObject","inLanguage":"en-US","@id":"https:\/\/segwood.com.au\/#\/schema\/logo\/image\/","url":"https:\/\/segwood.com.au\/wp-content\/uploads\/2025\/06\/Segwood-Logo-FIN-SQR-SML-Copy.jpg","contentUrl":"https:\/\/segwood.com.au\/wp-content\/uploads\/2025\/06\/Segwood-Logo-FIN-SQR-SML-Copy.jpg","width":565,"height":565,"caption":"Segwood Galleries"},"image":{"@id":"https:\/\/segwood.com.au\/#\/schema\/logo\/image\/"},"sameAs":["https:\/\/www.facebook.com\/profile.php?id=61576844783187","https:\/\/www.instagram.com\/segwood_galleries_adl\/"]}]}},"_links":{"self":[{"href":"https:\/\/segwood.com.au\/index.php?rest_route=\/wp\/v2\/product\/28570","targetHints":{"allow":["GET"]}}],"collection":[{"href":"https:\/\/segwood.com.au\/index.php?rest_route=\/wp\/v2\/product"}],"about":[{"href":"https:\/\/segwood.com.au\/index.php?rest_route=\/wp\/v2\/types\/product"}],"wp:featuredmedia":[{"embeddable":true,"href":"https:\/\/segwood.com.au\/index.php?rest_route=\/wp\/v2\/media\/28573"}],"wp:attachment":[{"href":"https:\/\/segwood.com.au\/index.php?rest_route=%2Fwp%2Fv2%2Fmedia&parent=28570"}],"wp:term":[{"taxonomy":"product_brand","embeddable":true,"href":"https:\/\/segwood.com.au\/index.php?rest_route=%2Fwp%2Fv2%2Fproduct_brand&post=28570"},{"taxonomy":"product_cat","embeddable":true,"href":"https:\/\/segwood.com.au\/index.php?rest_route=%2Fwp%2Fv2%2Fproduct_cat&post=28570"},{"taxonomy":"product_tag","embeddable":true,"href":"https:\/\/segwood.com.au\/index.php?rest_route=%2Fwp%2Fv2%2Fproduct_tag&post=28570"}],"curies":[{"name":"wp","href":"https:\/\/api.w.org\/{rel}","templated":true}]}}